{"id":495,"date":"2025-08-18T12:51:30","date_gmt":"2025-08-18T10:51:30","guid":{"rendered":"https:\/\/iuristecnicproperty.com\/inicio\/"},"modified":"2025-10-21T09:45:12","modified_gmt":"2025-10-21T07:45:12","slug":"inicio","status":"publish","type":"page","link":"https:\/\/dpconsulting.cat\/es\/","title":{"rendered":"Inicio"},"content":{"rendered":"\t\t<div data-elementor-type=\"wp-page\" data-elementor-id=\"495\" class=\"elementor elementor-495 elementor-14\" data-elementor-post-type=\"page\">\n\t\t\t\t<div class=\"elementor-element elementor-element-953aac7 e-con-full e-flex e-con e-parent\" data-id=\"953aac7\" data-element_type=\"container\" data-settings=\"{&quot;background_background&quot;:&quot;classic&quot;}\">\n\t\t<div class=\"elementor-element elementor-element-376eb0e e-con-full e-flex e-con e-child\" data-id=\"376eb0e\" data-element_type=\"container\">\n\t\t\t\t<div class=\"elementor-element elementor-element-2e88c6d elementor-widget elementor-widget-heading\" data-id=\"2e88c6d\" data-element_type=\"widget\" data-widget_type=\"heading.default\">\n\t\t\t\t\t<h1 class=\"elementor-heading-title elementor-size-default\">El socio de tu negocio<\/h1>\t\t\t\t<\/div>\n\t\t\t\t<div class=\"elementor-element elementor-element-8bcd280 elementor-widget elementor-widget-text-editor\" data-id=\"8bcd280\" data-element_type=\"widget\" data-widget_type=\"text-editor.default\">\n\t\t\t\t\t\t\t\t\t<p>Consultor\u00eda estrat\u00e9gica y operativa para impulsar el crecimiento, la eficiencia y la confianza empresarial.<\/p>\t\t\t\t\t\t\t\t<\/div>\n\t\t\t\t<div class=\"elementor-element elementor-element-01b5332 elementor-align-center elementor-widget elementor-widget-button\" data-id=\"01b5332\" data-element_type=\"widget\" data-widget_type=\"button.default\">\n\t\t\t\t\t\t\t\t\t\t<a class=\"elementor-button elementor-button-link elementor-size-sm\" href=\"https:\/\/dpconsulting.cat\/es\/contacto\/\">\n\t\t\t\t\t\t<span class=\"elementor-button-content-wrapper\">\n\t\t\t\t\t\t\t\t\t<span class=\"elementor-button-text\">Transforma tu negocio<\/span>\n\t\t\t\t\t<\/span>\n\t\t\t\t\t<\/a>\n\t\t\t\t\t\t\t\t<\/div>\n\t\t\t\t<\/div>\n\t\t\t\t<\/div>\n\t\t<div class=\"elementor-element elementor-element-5e26cb3 e-con-full e-flex e-con e-parent\" data-id=\"5e26cb3\" data-element_type=\"container\">\n\t\t<div class=\"elementor-element elementor-element-59ad816 e-con-full e-flex e-con e-child\" data-id=\"59ad816\" data-element_type=\"container\">\n\t\t\t\t<div class=\"elementor-element elementor-element-4cde48e elementor-widget elementor-widget-heading\" data-id=\"4cde48e\" data-element_type=\"widget\" data-widget_type=\"heading.default\">\n\t\t\t\t\t<h2 class=\"elementor-heading-title elementor-size-default\">Servicios adaptados a tu empresa<\/h2>\t\t\t\t<\/div>\n\t\t\t\t<div class=\"elementor-element elementor-element-eaf1b33 elementor-widget elementor-widget-text-editor\" data-id=\"eaf1b33\" data-element_type=\"widget\" data-widget_type=\"text-editor.default\">\n\t\t\t\t\t\t\t\t\t<p class=\"p1\">Ayudamos a empresas a tomar decisiones m\u00e1s claras, optimizar procesos y conseguir resultados tangibles.<\/p>\t\t\t\t\t\t\t\t<\/div>\n\t\t\t\t<\/div>\n\t\t<div class=\"elementor-element elementor-element-36e6ef5 e-con-full e-flex e-con e-child\" data-id=\"36e6ef5\" data-element_type=\"container\">\n\t\t\t\t<div class=\"elementor-element elementor-element-0ea7e5c elementor-widget elementor-widget-jet-listing-grid\" data-id=\"0ea7e5c\" data-element_type=\"widget\" data-settings=\"{&quot;columns&quot;:&quot;2&quot;,&quot;columns_mobile&quot;:&quot;1&quot;}\" data-widget_type=\"jet-listing-grid.default\">\n\t\t\t\t\t<div class=\"jet-listing-grid jet-listing\"><div class=\"jet-listing-grid__items grid-col-desk-2 grid-col-tablet-2 grid-col-mobile-1 jet-listing-grid--198 jet-equal-columns__wrapper grid-collapse-gap\" data-queried-id=\"495|WP_Post\" data-nav=\"{&quot;enabled&quot;:false,&quot;type&quot;:null,&quot;more_el&quot;:null,&quot;query&quot;:[],&quot;widget_settings&quot;:{&quot;lisitng_id&quot;:198,&quot;posts_num&quot;:6,&quot;columns&quot;:2,&quot;columns_tablet&quot;:2,&quot;columns_mobile&quot;:1,&quot;column_min_width&quot;:240,&quot;column_min_width_tablet&quot;:240,&quot;column_min_width_mobile&quot;:240,&quot;inline_columns_css&quot;:false,&quot;is_archive_template&quot;:&quot;&quot;,&quot;post_status&quot;:[&quot;publish&quot;],&quot;use_random_posts_num&quot;:&quot;&quot;,&quot;max_posts_num&quot;:9,&quot;not_found_message&quot;:&quot;No se han encontrado datos&quot;,&quot;is_masonry&quot;:false,&quot;equal_columns_height&quot;:&quot;yes&quot;,&quot;use_load_more&quot;:&quot;&quot;,&quot;load_more_id&quot;:&quot;&quot;,&quot;load_more_type&quot;:&quot;click&quot;,&quot;load_more_offset&quot;:{&quot;unit&quot;:&quot;px&quot;,&quot;size&quot;:0,&quot;sizes&quot;:[]},&quot;use_custom_post_types&quot;:&quot;&quot;,&quot;custom_post_types&quot;:[],&quot;hide_widget_if&quot;:&quot;&quot;,&quot;carousel_enabled&quot;:&quot;&quot;,&quot;slides_to_scroll&quot;:&quot;1&quot;,&quot;arrows&quot;:&quot;true&quot;,&quot;arrow_icon&quot;:&quot;fa fa-angle-left&quot;,&quot;dots&quot;:&quot;&quot;,&quot;autoplay&quot;:&quot;true&quot;,&quot;pause_on_hover&quot;:&quot;true&quot;,&quot;autoplay_speed&quot;:5000,&quot;infinite&quot;:&quot;true&quot;,&quot;center_mode&quot;:&quot;&quot;,&quot;effect&quot;:&quot;slide&quot;,&quot;speed&quot;:500,&quot;inject_alternative_items&quot;:&quot;&quot;,&quot;injection_items&quot;:[],&quot;scroll_slider_enabled&quot;:&quot;&quot;,&quot;scroll_slider_on&quot;:[&quot;desktop&quot;,&quot;tablet&quot;,&quot;mobile&quot;],&quot;custom_query&quot;:false,&quot;custom_query_id&quot;:&quot;&quot;,&quot;_element_id&quot;:&quot;&quot;,&quot;collapse_first_last_gap&quot;:&quot;true&quot;,&quot;list_tag_selection&quot;:&quot;&quot;,&quot;list_items_wrapper_tag&quot;:&quot;div&quot;,&quot;list_item_tag&quot;:&quot;div&quot;,&quot;empty_items_wrapper_tag&quot;:&quot;div&quot;}}\" data-page=\"1\" data-pages=\"1\" data-listing-source=\"posts\" data-listing-id=\"198\" data-query-id=\"\"><div class=\"jet-listing-grid__item jet-listing-dynamic-post-767 jet-equal-columns\" data-post-id=\"767\"  >\t\t<div data-elementor-type=\"jet-listing-items\" data-elementor-id=\"761\" class=\"elementor elementor-761 elementor-198\" data-elementor-post-type=\"jet-engine\">\n\t\t\t\t<div class=\"elementor-element elementor-element-4b102e4 e-con-full e-flex e-con e-parent\" data-id=\"4b102e4\" data-element_type=\"container\">\n\t\t<div class=\"elementor-element elementor-element-fcdc99a e-con-full e-flex e-con e-child\" data-id=\"fcdc99a\" data-element_type=\"container\">\n\t\t\t\t<div class=\"elementor-element elementor-element-1d1475a elementor-widget elementor-widget-jet-listing-dynamic-field\" data-id=\"1d1475a\" data-element_type=\"widget\" data-widget_type=\"jet-listing-dynamic-field.default\">\n\t\t\t\t\t<div class=\"jet-listing jet-listing-dynamic-field display-inline\"><div class=\"jet-listing-dynamic-field__inline-wrap\"><h3 class=\"jet-listing-dynamic-field__content\">Desarrollo de recursos humanos<\/h3><\/div><\/div>\t\t\t\t<\/div>\n\t\t\t\t<div class=\"elementor-element elementor-element-401429b elementor-widget-divider--view-line elementor-widget elementor-widget-divider\" data-id=\"401429b\" data-element_type=\"widget\" data-widget_type=\"divider.default\">\n\t\t\t\t\t\t\t<div class=\"elementor-divider\">\n\t\t\t<span class=\"elementor-divider-separator\">\n\t\t\t\t\t\t<\/span>\n\t\t<\/div>\n\t\t\t\t\t\t<\/div>\n\t\t\t\t<div class=\"elementor-element elementor-element-2d297b6 elementor-widget elementor-widget-jet-listing-dynamic-field\" data-id=\"2d297b6\" data-element_type=\"widget\" data-widget_type=\"jet-listing-dynamic-field.default\">\n\t\t\t\t\t<div class=\"jet-listing jet-listing-dynamic-field display-inline\"><div class=\"jet-listing-dynamic-field__inline-wrap\"><div class=\"jet-listing-dynamic-field__content\">Alineamos equipos, objetivos y cultura empresarial para lograr resultados.<\/div><\/div><\/div>\t\t\t\t<\/div>\n\t\t\t\t<div class=\"elementor-element elementor-element-6fac397 elementor-widget elementor-widget-jet-listing-dynamic-link\" data-id=\"6fac397\" data-element_type=\"widget\" data-widget_type=\"jet-listing-dynamic-link.default\">\n\t\t\t\t\t<div class=\"jet-listing jet-listing-dynamic-link\"><a href=\"https:\/\/dpconsulting.cat\/es\/serveis\/desarrollo-de-recursos-humanos\/\" class=\"jet-listing-dynamic-link__link\"><span class=\"jet-listing-dynamic-link__label\">Ver<\/span><\/a><\/div>\t\t\t\t<\/div>\n\t\t\t\t<\/div>\n\t\t\t\t<\/div>\n\t\t\t\t<\/div>\n\t\t<\/div><div class=\"jet-listing-grid__item jet-listing-dynamic-post-766 jet-equal-columns\" data-post-id=\"766\"  >\t\t<div data-elementor-type=\"jet-listing-items\" data-elementor-id=\"761\" class=\"elementor elementor-761 elementor-198\" data-elementor-post-type=\"jet-engine\">\n\t\t\t\t<div class=\"elementor-element elementor-element-4b102e4 e-con-full e-flex e-con e-parent\" data-id=\"4b102e4\" data-element_type=\"container\">\n\t\t<div class=\"elementor-element elementor-element-fcdc99a e-con-full e-flex e-con e-child\" data-id=\"fcdc99a\" data-element_type=\"container\">\n\t\t\t\t<div class=\"elementor-element elementor-element-1d1475a elementor-widget elementor-widget-jet-listing-dynamic-field\" data-id=\"1d1475a\" data-element_type=\"widget\" data-widget_type=\"jet-listing-dynamic-field.default\">\n\t\t\t\t\t<div class=\"jet-listing jet-listing-dynamic-field display-inline\"><div class=\"jet-listing-dynamic-field__inline-wrap\"><h3 class=\"jet-listing-dynamic-field__content\">Desarrollo del negocio<\/h3><\/div><\/div>\t\t\t\t<\/div>\n\t\t\t\t<div class=\"elementor-element elementor-element-401429b elementor-widget-divider--view-line elementor-widget elementor-widget-divider\" data-id=\"401429b\" data-element_type=\"widget\" data-widget_type=\"divider.default\">\n\t\t\t\t\t\t\t<div class=\"elementor-divider\">\n\t\t\t<span class=\"elementor-divider-separator\">\n\t\t\t\t\t\t<\/span>\n\t\t<\/div>\n\t\t\t\t\t\t<\/div>\n\t\t\t\t<div class=\"elementor-element elementor-element-2d297b6 elementor-widget elementor-widget-jet-listing-dynamic-field\" data-id=\"2d297b6\" data-element_type=\"widget\" data-widget_type=\"jet-listing-dynamic-field.default\">\n\t\t\t\t\t<div class=\"jet-listing jet-listing-dynamic-field display-inline\"><div class=\"jet-listing-dynamic-field__inline-wrap\"><div class=\"jet-listing-dynamic-field__content\">Impulsamos el crecimiento y el posicionamiento competitivo de tu negocio.<\/div><\/div><\/div>\t\t\t\t<\/div>\n\t\t\t\t<div class=\"elementor-element elementor-element-6fac397 elementor-widget elementor-widget-jet-listing-dynamic-link\" data-id=\"6fac397\" data-element_type=\"widget\" data-widget_type=\"jet-listing-dynamic-link.default\">\n\t\t\t\t\t<div class=\"jet-listing jet-listing-dynamic-link\"><a href=\"https:\/\/dpconsulting.cat\/es\/serveis\/desarrollo-del-negocio\/\" class=\"jet-listing-dynamic-link__link\"><span class=\"jet-listing-dynamic-link__label\">Ver<\/span><\/a><\/div>\t\t\t\t<\/div>\n\t\t\t\t<\/div>\n\t\t\t\t<\/div>\n\t\t\t\t<\/div>\n\t\t<\/div><div class=\"jet-listing-grid__item jet-listing-dynamic-post-765 jet-equal-columns\" data-post-id=\"765\"  >\t\t<div data-elementor-type=\"jet-listing-items\" data-elementor-id=\"761\" class=\"elementor elementor-761 elementor-198\" data-elementor-post-type=\"jet-engine\">\n\t\t\t\t<div class=\"elementor-element elementor-element-4b102e4 e-con-full e-flex e-con e-parent\" data-id=\"4b102e4\" data-element_type=\"container\">\n\t\t<div class=\"elementor-element elementor-element-fcdc99a e-con-full e-flex e-con e-child\" data-id=\"fcdc99a\" data-element_type=\"container\">\n\t\t\t\t<div class=\"elementor-element elementor-element-1d1475a elementor-widget elementor-widget-jet-listing-dynamic-field\" data-id=\"1d1475a\" data-element_type=\"widget\" data-widget_type=\"jet-listing-dynamic-field.default\">\n\t\t\t\t\t<div class=\"jet-listing jet-listing-dynamic-field display-inline\"><div class=\"jet-listing-dynamic-field__inline-wrap\"><h3 class=\"jet-listing-dynamic-field__content\">Procedimientos concursales<\/h3><\/div><\/div>\t\t\t\t<\/div>\n\t\t\t\t<div class=\"elementor-element elementor-element-401429b elementor-widget-divider--view-line elementor-widget elementor-widget-divider\" data-id=\"401429b\" data-element_type=\"widget\" data-widget_type=\"divider.default\">\n\t\t\t\t\t\t\t<div class=\"elementor-divider\">\n\t\t\t<span class=\"elementor-divider-separator\">\n\t\t\t\t\t\t<\/span>\n\t\t<\/div>\n\t\t\t\t\t\t<\/div>\n\t\t\t\t<div class=\"elementor-element elementor-element-2d297b6 elementor-widget elementor-widget-jet-listing-dynamic-field\" data-id=\"2d297b6\" data-element_type=\"widget\" data-widget_type=\"jet-listing-dynamic-field.default\">\n\t\t\t\t\t<div class=\"jet-listing jet-listing-dynamic-field display-inline\"><div class=\"jet-listing-dynamic-field__inline-wrap\"><div class=\"jet-listing-dynamic-field__content\">Apoyo integral en procesos concursales y reestructuraciones.<\/div><\/div><\/div>\t\t\t\t<\/div>\n\t\t\t\t<div class=\"elementor-element elementor-element-6fac397 elementor-widget elementor-widget-jet-listing-dynamic-link\" data-id=\"6fac397\" data-element_type=\"widget\" data-widget_type=\"jet-listing-dynamic-link.default\">\n\t\t\t\t\t<div class=\"jet-listing jet-listing-dynamic-link\"><a href=\"https:\/\/dpconsulting.cat\/es\/serveis\/procedimientos-concursales\/\" class=\"jet-listing-dynamic-link__link\"><span class=\"jet-listing-dynamic-link__label\">Ver<\/span><\/a><\/div>\t\t\t\t<\/div>\n\t\t\t\t<\/div>\n\t\t\t\t<\/div>\n\t\t\t\t<\/div>\n\t\t<\/div><div class=\"jet-listing-grid__item jet-listing-dynamic-post-764 jet-equal-columns\" data-post-id=\"764\"  >\t\t<div data-elementor-type=\"jet-listing-items\" data-elementor-id=\"761\" class=\"elementor elementor-761 elementor-198\" data-elementor-post-type=\"jet-engine\">\n\t\t\t\t<div class=\"elementor-element elementor-element-4b102e4 e-con-full e-flex e-con e-parent\" data-id=\"4b102e4\" data-element_type=\"container\">\n\t\t<div class=\"elementor-element elementor-element-fcdc99a e-con-full e-flex e-con e-child\" data-id=\"fcdc99a\" data-element_type=\"container\">\n\t\t\t\t<div class=\"elementor-element elementor-element-1d1475a elementor-widget elementor-widget-jet-listing-dynamic-field\" data-id=\"1d1475a\" data-element_type=\"widget\" data-widget_type=\"jet-listing-dynamic-field.default\">\n\t\t\t\t\t<div class=\"jet-listing jet-listing-dynamic-field display-inline\"><div class=\"jet-listing-dynamic-field__inline-wrap\"><h3 class=\"jet-listing-dynamic-field__content\">Gesti\u00f3n y control interno<\/h3><\/div><\/div>\t\t\t\t<\/div>\n\t\t\t\t<div class=\"elementor-element elementor-element-401429b elementor-widget-divider--view-line elementor-widget elementor-widget-divider\" data-id=\"401429b\" data-element_type=\"widget\" data-widget_type=\"divider.default\">\n\t\t\t\t\t\t\t<div class=\"elementor-divider\">\n\t\t\t<span class=\"elementor-divider-separator\">\n\t\t\t\t\t\t<\/span>\n\t\t<\/div>\n\t\t\t\t\t\t<\/div>\n\t\t\t\t<div class=\"elementor-element elementor-element-2d297b6 elementor-widget elementor-widget-jet-listing-dynamic-field\" data-id=\"2d297b6\" data-element_type=\"widget\" data-widget_type=\"jet-listing-dynamic-field.default\">\n\t\t\t\t\t<div class=\"jet-listing jet-listing-dynamic-field display-inline\"><div class=\"jet-listing-dynamic-field__inline-wrap\"><div class=\"jet-listing-dynamic-field__content\">Mejora la estructura y el funcionamiento interno de tu empresa.<\/div><\/div><\/div>\t\t\t\t<\/div>\n\t\t\t\t<div class=\"elementor-element elementor-element-6fac397 elementor-widget elementor-widget-jet-listing-dynamic-link\" data-id=\"6fac397\" data-element_type=\"widget\" data-widget_type=\"jet-listing-dynamic-link.default\">\n\t\t\t\t\t<div class=\"jet-listing jet-listing-dynamic-link\"><a href=\"https:\/\/dpconsulting.cat\/es\/serveis\/gestion-y-control-interno\/\" class=\"jet-listing-dynamic-link__link\"><span class=\"jet-listing-dynamic-link__label\">Ver<\/span><\/a><\/div>\t\t\t\t<\/div>\n\t\t\t\t<\/div>\n\t\t\t\t<\/div>\n\t\t\t\t<\/div>\n\t\t<\/div><\/div><\/div>\t\t\t\t<\/div>\n\t\t\t\t<\/div>\n\t\t\t\t<\/div>\n\t\t<div class=\"elementor-element elementor-element-e1b0e2c e-con-full e-flex e-con e-parent\" data-id=\"e1b0e2c\" data-element_type=\"container\" data-settings=\"{&quot;background_background&quot;:&quot;classic&quot;}\">\n\t\t<div class=\"elementor-element elementor-element-a82492b e-con-full e-flex e-con e-child\" data-id=\"a82492b\" data-element_type=\"container\">\n\t\t<div class=\"elementor-element elementor-element-a335ff5 e-con-full e-flex e-con e-child\" data-id=\"a335ff5\" data-element_type=\"container\">\n\t\t\t\t<div class=\"elementor-element elementor-element-1f61e92 elementor-widget elementor-widget-heading\" data-id=\"1f61e92\" data-element_type=\"widget\" data-widget_type=\"heading.default\">\n\t\t\t\t\t<h3 class=\"elementor-heading-title elementor-size-default\">\u00bfHacemos crecer tu proyecto?<\/h3>\t\t\t\t<\/div>\n\t\t\t\t<div class=\"elementor-element elementor-element-8541a6c elementor-widget elementor-widget-text-editor\" data-id=\"8541a6c\" data-element_type=\"widget\" data-widget_type=\"text-editor.default\">\n\t\t\t\t\t\t\t\t\t<p>Contacta con nosotros.<\/p>\t\t\t\t\t\t\t\t<\/div>\n\t\t\t\t<div class=\"elementor-element elementor-element-2e541e5 elementor-align-left elementor-widget elementor-widget-button\" data-id=\"2e541e5\" data-element_type=\"widget\" data-widget_type=\"button.default\">\n\t\t\t\t\t\t\t\t\t\t<a class=\"elementor-button elementor-button-link elementor-size-sm\" href=\"https:\/\/dpconsulting.cat\/es\/contacto\/\">\n\t\t\t\t\t\t<span class=\"elementor-button-content-wrapper\">\n\t\t\t\t\t\t\t\t\t<span class=\"elementor-button-text\">Transforma tu negocio<\/span>\n\t\t\t\t\t<\/span>\n\t\t\t\t\t<\/a>\n\t\t\t\t\t\t\t\t<\/div>\n\t\t\t\t<\/div>\n\t\t<div class=\"elementor-element elementor-element-d8d8607 e-con-full e-flex e-con e-child\" data-id=\"d8d8607\" data-element_type=\"container\">\n\t\t\t\t<\/div>\n\t\t\t\t<\/div>\n\t\t\t\t<\/div>\n\t\t\t\t<\/div>\n\t\t","protected":false},"excerpt":{"rendered":"<p>El socio de tu negocio Consultor\u00eda estrat\u00e9gica y operativa para impulsar el crecimiento, la eficiencia y la confianza empresarial. Transforma tu negocio Servicios adaptados a tu empresa Ayudamos a empresas a tomar decisiones m\u00e1s claras, optimizar procesos y conseguir resultados tangibles. Desenvolupament de recursos humans Alineem equips, objectius i cultura empresarial per aconseguir resultats. Veure [&hellip;]<\/p>\n","protected":false},"author":1,"featured_media":205,"parent":0,"menu_order":0,"comment_status":"closed","ping_status":"closed","template":"","meta":{"footnotes":""},"class_list":["post-495","page","type-page","status-publish","has-post-thumbnail","hentry"],"yoast_head":"<!-- This site is optimized with the Yoast SEO plugin v26.1.1 - https:\/\/yoast.com\/wordpress\/plugins\/seo\/ -->\n<title>Consultor\u00eda - DP Consulting<\/title>\n<meta name=\"description\" content=\"Consultor\u00eda estrat\u00e9gica y operativa para impulsar el crecimiento, la eficiencia y la confianza empresarial. Servicios adaptados a tu empresa.\" \/>\n<meta name=\"robots\" content=\"index, follow, max-snippet:-1, max-image-preview:large, max-video-preview:-1\" \/>\n<link rel=\"canonical\" href=\"https:\/\/dpconsulting.cat\/es\/\" \/>\n<meta property=\"og:locale\" content=\"es_ES\" \/>\n<meta property=\"og:type\" content=\"article\" \/>\n<meta property=\"og:title\" content=\"Consultor\u00eda - DP Consulting\" \/>\n<meta property=\"og:description\" content=\"Consultor\u00eda estrat\u00e9gica y operativa para impulsar el crecimiento, la eficiencia y la confianza empresarial. Servicios adaptados a tu empresa.\" \/>\n<meta property=\"og:url\" content=\"https:\/\/dpconsulting.cat\/es\/\" \/>\n<meta property=\"og:site_name\" content=\"DP Consulting\" \/>\n<meta property=\"article:modified_time\" content=\"2025-10-21T07:45:12+00:00\" \/>\n<meta property=\"og:image\" content=\"https:\/\/dpconsulting.cat\/wp-content\/uploads\/2025\/08\/ITP.webp\" \/>\n\t<meta property=\"og:image:width\" content=\"200\" \/>\n\t<meta property=\"og:image:height\" content=\"200\" \/>\n\t<meta property=\"og:image:type\" content=\"image\/webp\" \/>\n<meta name=\"twitter:card\" content=\"summary_large_image\" \/>\n<meta name=\"twitter:label1\" content=\"Tiempo de lectura\" \/>\n\t<meta name=\"twitter:data1\" content=\"1 minuto\" \/>\n<script type=\"application\/ld+json\" class=\"yoast-schema-graph\">{\"@context\":\"https:\/\/schema.org\",\"@graph\":[{\"@type\":\"WebPage\",\"@id\":\"https:\/\/dpconsulting.cat\/es\/\",\"url\":\"https:\/\/dpconsulting.cat\/es\/\",\"name\":\"Consultor\u00eda - DP Consulting\",\"isPartOf\":{\"@id\":\"https:\/\/dpconsulting.cat\/es\/#website\"},\"primaryImageOfPage\":{\"@id\":\"https:\/\/dpconsulting.cat\/es\/#primaryimage\"},\"image\":{\"@id\":\"https:\/\/dpconsulting.cat\/es\/#primaryimage\"},\"thumbnailUrl\":\"https:\/\/dpconsulting.cat\/wp-content\/uploads\/2025\/08\/ITP.webp\",\"datePublished\":\"2025-08-18T10:51:30+00:00\",\"dateModified\":\"2025-10-21T07:45:12+00:00\",\"description\":\"Consultor\u00eda estrat\u00e9gica y operativa para impulsar el crecimiento, la eficiencia y la confianza empresarial. Servicios adaptados a tu empresa.\",\"breadcrumb\":{\"@id\":\"https:\/\/dpconsulting.cat\/es\/#breadcrumb\"},\"inLanguage\":\"es\",\"potentialAction\":[{\"@type\":\"ReadAction\",\"target\":[\"https:\/\/dpconsulting.cat\/es\/\"]}]},{\"@type\":\"ImageObject\",\"inLanguage\":\"es\",\"@id\":\"https:\/\/dpconsulting.cat\/es\/#primaryimage\",\"url\":\"https:\/\/dpconsulting.cat\/wp-content\/uploads\/2025\/08\/ITP.webp\",\"contentUrl\":\"https:\/\/dpconsulting.cat\/wp-content\/uploads\/2025\/08\/ITP.webp\",\"width\":200,\"height\":200},{\"@type\":\"BreadcrumbList\",\"@id\":\"https:\/\/dpconsulting.cat\/es\/#breadcrumb\",\"itemListElement\":[{\"@type\":\"ListItem\",\"position\":1,\"name\":\"Inici\",\"item\":\"https:\/\/dpconsulting.cat\/es\/inicio\/\"},{\"@type\":\"ListItem\",\"position\":2,\"name\":\"Inicio\"}]},{\"@type\":\"WebSite\",\"@id\":\"https:\/\/dpconsulting.cat\/es\/#website\",\"url\":\"https:\/\/dpconsulting.cat\/es\/\",\"name\":\"DP Consulting\",\"description\":\"Gesti\u00f3 de bens immobles\",\"publisher\":{\"@id\":\"https:\/\/dpconsulting.cat\/es\/#organization\"},\"potentialAction\":[{\"@type\":\"SearchAction\",\"target\":{\"@type\":\"EntryPoint\",\"urlTemplate\":\"https:\/\/dpconsulting.cat\/es\/?s={search_term_string}\"},\"query-input\":{\"@type\":\"PropertyValueSpecification\",\"valueRequired\":true,\"valueName\":\"search_term_string\"}}],\"inLanguage\":\"es\"},{\"@type\":\"Organization\",\"@id\":\"https:\/\/dpconsulting.cat\/es\/#organization\",\"name\":\"DP Consulting\",\"url\":\"https:\/\/dpconsulting.cat\/es\/\",\"logo\":{\"@type\":\"ImageObject\",\"inLanguage\":\"es\",\"@id\":\"https:\/\/dpconsulting.cat\/es\/#\/schema\/logo\/image\/\",\"url\":\"\",\"contentUrl\":\"\",\"caption\":\"DP Consulting\"},\"image\":{\"@id\":\"https:\/\/dpconsulting.cat\/es\/#\/schema\/logo\/image\/\"}}]}<\/script>\n<!-- \/ Yoast SEO plugin. -->","yoast_head_json":{"title":"Consultor\u00eda - DP Consulting","description":"Consultor\u00eda estrat\u00e9gica y operativa para impulsar el crecimiento, la eficiencia y la confianza empresarial. Servicios adaptados a tu empresa.","robots":{"index":"index","follow":"follow","max-snippet":"max-snippet:-1","max-image-preview":"max-image-preview:large","max-video-preview":"max-video-preview:-1"},"canonical":"https:\/\/dpconsulting.cat\/es\/","og_locale":"es_ES","og_type":"article","og_title":"Consultor\u00eda - DP Consulting","og_description":"Consultor\u00eda estrat\u00e9gica y operativa para impulsar el crecimiento, la eficiencia y la confianza empresarial. Servicios adaptados a tu empresa.","og_url":"https:\/\/dpconsulting.cat\/es\/","og_site_name":"DP Consulting","article_modified_time":"2025-10-21T07:45:12+00:00","og_image":[{"width":200,"height":200,"url":"https:\/\/dpconsulting.cat\/wp-content\/uploads\/2025\/08\/ITP.webp","type":"image\/webp"}],"twitter_card":"summary_large_image","twitter_misc":{"Tiempo de lectura":"1 minuto"},"schema":{"@context":"https:\/\/schema.org","@graph":[{"@type":"WebPage","@id":"https:\/\/dpconsulting.cat\/es\/","url":"https:\/\/dpconsulting.cat\/es\/","name":"Consultor\u00eda - DP Consulting","isPartOf":{"@id":"https:\/\/dpconsulting.cat\/es\/#website"},"primaryImageOfPage":{"@id":"https:\/\/dpconsulting.cat\/es\/#primaryimage"},"image":{"@id":"https:\/\/dpconsulting.cat\/es\/#primaryimage"},"thumbnailUrl":"https:\/\/dpconsulting.cat\/wp-content\/uploads\/2025\/08\/ITP.webp","datePublished":"2025-08-18T10:51:30+00:00","dateModified":"2025-10-21T07:45:12+00:00","description":"Consultor\u00eda estrat\u00e9gica y operativa para impulsar el crecimiento, la eficiencia y la confianza empresarial. Servicios adaptados a tu empresa.","breadcrumb":{"@id":"https:\/\/dpconsulting.cat\/es\/#breadcrumb"},"inLanguage":"es","potentialAction":[{"@type":"ReadAction","target":["https:\/\/dpconsulting.cat\/es\/"]}]},{"@type":"ImageObject","inLanguage":"es","@id":"https:\/\/dpconsulting.cat\/es\/#primaryimage","url":"https:\/\/dpconsulting.cat\/wp-content\/uploads\/2025\/08\/ITP.webp","contentUrl":"https:\/\/dpconsulting.cat\/wp-content\/uploads\/2025\/08\/ITP.webp","width":200,"height":200},{"@type":"BreadcrumbList","@id":"https:\/\/dpconsulting.cat\/es\/#breadcrumb","itemListElement":[{"@type":"ListItem","position":1,"name":"Inici","item":"https:\/\/dpconsulting.cat\/es\/inicio\/"},{"@type":"ListItem","position":2,"name":"Inicio"}]},{"@type":"WebSite","@id":"https:\/\/dpconsulting.cat\/es\/#website","url":"https:\/\/dpconsulting.cat\/es\/","name":"DP Consulting","description":"Gesti\u00f3 de bens immobles","publisher":{"@id":"https:\/\/dpconsulting.cat\/es\/#organization"},"potentialAction":[{"@type":"SearchAction","target":{"@type":"EntryPoint","urlTemplate":"https:\/\/dpconsulting.cat\/es\/?s={search_term_string}"},"query-input":{"@type":"PropertyValueSpecification","valueRequired":true,"valueName":"search_term_string"}}],"inLanguage":"es"},{"@type":"Organization","@id":"https:\/\/dpconsulting.cat\/es\/#organization","name":"DP Consulting","url":"https:\/\/dpconsulting.cat\/es\/","logo":{"@type":"ImageObject","inLanguage":"es","@id":"https:\/\/dpconsulting.cat\/es\/#\/schema\/logo\/image\/","url":"","contentUrl":"","caption":"DP Consulting"},"image":{"@id":"https:\/\/dpconsulting.cat\/es\/#\/schema\/logo\/image\/"}}]}},"_links":{"self":[{"href":"https:\/\/dpconsulting.cat\/es\/wp-json\/wp\/v2\/pages\/495","targetHints":{"allow":["GET"]}}],"collection":[{"href":"https:\/\/dpconsulting.cat\/es\/wp-json\/wp\/v2\/pages"}],"about":[{"href":"https:\/\/dpconsulting.cat\/es\/wp-json\/wp\/v2\/types\/page"}],"author":[{"embeddable":true,"href":"https:\/\/dpconsulting.cat\/es\/wp-json\/wp\/v2\/users\/1"}],"replies":[{"embeddable":true,"href":"https:\/\/dpconsulting.cat\/es\/wp-json\/wp\/v2\/comments?post=495"}],"version-history":[{"count":8,"href":"https:\/\/dpconsulting.cat\/es\/wp-json\/wp\/v2\/pages\/495\/revisions"}],"predecessor-version":[{"id":771,"href":"https:\/\/dpconsulting.cat\/es\/wp-json\/wp\/v2\/pages\/495\/revisions\/771"}],"wp:featuredmedia":[{"embeddable":true,"href":"https:\/\/dpconsulting.cat\/es\/wp-json\/wp\/v2\/media\/205"}],"wp:attachment":[{"href":"https:\/\/dpconsulting.cat\/es\/wp-json\/wp\/v2\/media?parent=495"}],"curies":[{"name":"wp","href":"https:\/\/api.w.org\/{rel}","templated":true}]}}